{"id":1046,"date":"2025-06-20T14:50:26","date_gmt":"2025-06-20T17:50:26","guid":{"rendered":"https:\/\/easybuslog.com\/?page_id=1046"},"modified":"2026-02-27T16:48:53","modified_gmt":"2026-02-27T19:48:53","slug":"qr-code-2","status":"publish","type":"page","link":"https:\/\/easybuslog.com\/?page_id=1046","title":{"rendered":"Hist\u00f3ria Foz do Igua\u00e7u"},"content":{"rendered":"\t\t<div data-elementor-type=\"wp-page\" data-elementor-id=\"1046\" class=\"elementor elementor-1046\" data-elementor-post-type=\"page\">\n\t\t\t\t<div class=\"elementor-element elementor-element-6d81f36d e-grid e-con-full elementor-hidden-desktop e-con e-parent\" data-id=\"6d81f36d\" data-element_type=\"container\">\n\t\t\t\t<div class=\"elementor-element elementor-element-19deb4bf elementor-widget-mobile__width-initial elementor-widget elementor-widget-image\" data-id=\"19deb4bf\" data-element_type=\"widget\" data-widget_type=\"image.default\">\n\t\t\t\t<div class=\"elementor-widget-container\">\n\t\t\t\t\t\t\t\t\t\t\t\t\t\t\t\t<a href=\"https:\/\/easybuslog.com\/\">\n\t\t\t\t\t\t\t<img decoding=\"async\" width=\"388\" height=\"101\" src=\"https:\/\/easybuslog.com\/wp-content\/uploads\/2025\/09\/easybus_web_02-1.png\" class=\"attachment-large size-large wp-image-1170\" alt=\"\" srcset=\"https:\/\/easybuslog.com\/wp-content\/uploads\/2025\/09\/easybus_web_02-1.png 388w, https:\/\/easybuslog.com\/wp-content\/uploads\/2025\/09\/easybus_web_02-1-300x78.png 300w\" sizes=\"(max-width: 388px) 100vw, 388px\" \/>\t\t\t\t\t\t\t\t<\/a>\n\t\t\t\t\t\t\t\t\t\t\t\t\t\t\t<\/div>\n\t\t\t\t<\/div>\n\t\t\t\t<div class=\"elementor-element elementor-element-18e7e40e elementor-widget__width-initial elementor-nav-menu--dropdown-tablet elementor-nav-menu__text-align-aside elementor-nav-menu--toggle elementor-nav-menu--burger elementor-widget elementor-widget-nav-menu\" data-id=\"18e7e40e\" data-element_type=\"widget\" data-settings=\"{&quot;layout&quot;:&quot;horizontal&quot;,&quot;submenu_icon&quot;:{&quot;value&quot;:&quot;&lt;svg class=\\&quot;e-font-icon-svg e-fas-caret-down\\&quot; viewBox=\\&quot;0 0 320 512\\&quot; xmlns=\\&quot;http:\\\/\\\/www.w3.org\\\/2000\\\/svg\\&quot;&gt;&lt;path d=\\&quot;M31.3 192h257.3c17.8 0 26.7 21.5 14.1 34.1L174.1 354.8c-7.8 7.8-20.5 7.8-28.3 0L17.2 226.1C4.6 213.5 13.5 192 31.3 192z\\&quot;&gt;&lt;\\\/path&gt;&lt;\\\/svg&gt;&quot;,&quot;library&quot;:&quot;fa-solid&quot;},&quot;toggle&quot;:&quot;burger&quot;}\" data-widget_type=\"nav-menu.default\">\n\t\t\t\t<div class=\"elementor-widget-container\">\n\t\t\t\t\t\t\t\t<nav aria-label=\"Menu\" class=\"elementor-nav-menu--main elementor-nav-menu__container elementor-nav-menu--layout-horizontal e--pointer-underline e--animation-fade\">\n\t\t\t\t<ul id=\"menu-1-18e7e40e\" class=\"elementor-nav-menu\"><li class=\"menu-item menu-item-type-post_type menu-item-object-page menu-item-1038\"><a href=\"https:\/\/easybuslog.com\/?page_id=932\" class=\"elementor-item\">P\u00e1gina Inicial<\/a><\/li>\n<li class=\"menu-item menu-item-type-post_type menu-item-object-page menu-item-has-children menu-item-152\"><a href=\"https:\/\/easybuslog.com\/?page_id=7\" class=\"elementor-item\">Benef\u00edcios<\/a>\n<ul class=\"sub-menu elementor-nav-menu--dropdown\">\n\t<li class=\"menu-item menu-item-type-custom menu-item-object-custom menu-item-1387\"><a href=\"https:\/\/site.bustickets.com.br\/cadastro-estudante\" class=\"elementor-sub-item\">Easy Student<\/a><\/li>\n<\/ul>\n<\/li>\n<li class=\"menu-item menu-item-type-post_type menu-item-object-page menu-item-1103\"><a href=\"https:\/\/easybuslog.com\/?page_id=1058\" class=\"elementor-item\">Servi\u00e7os<\/a><\/li>\n<li class=\"menu-item menu-item-type-post_type menu-item-object-post menu-item-689\"><a href=\"https:\/\/easybuslog.com\/?p=676\" class=\"elementor-item\">Avalia\u00e7\u00e3o<\/a><\/li>\n<li class=\"menu-item menu-item-type-post_type menu-item-object-page menu-item-629\"><a href=\"https:\/\/easybuslog.com\/?page_id=621\" class=\"elementor-item\">Contato<\/a><\/li>\n<li class=\"menu-item menu-item-type-custom menu-item-object-custom menu-item-713\"><a href=\"https:\/\/easybuslog.com.br\/\" class=\"elementor-item\">Encomendas<\/a><\/li>\n<li class=\"menu-item menu-item-type-post_type menu-item-object-page menu-item-has-children menu-item-1052\"><a href=\"https:\/\/easybuslog.com\/?page_id=1046\" class=\"elementor-item\">Sobre<\/a>\n<ul class=\"sub-menu elementor-nav-menu--dropdown\">\n\t<li class=\"menu-item menu-item-type-post_type menu-item-object-page menu-item-1053\"><a href=\"https:\/\/easybuslog.com\/?page_id=1046\" class=\"elementor-sub-item\">Hist\u00f3ria Foz do Igua\u00e7u<\/a><\/li>\n\t<li class=\"menu-item menu-item-type-post_type menu-item-object-page menu-item-1120\"><a href=\"https:\/\/easybuslog.com\/?page_id=1104\" class=\"elementor-sub-item\">Pontos Turisticos<\/a><\/li>\n<\/ul>\n<\/li>\n<\/ul>\t\t\t<\/nav>\n\t\t\t\t\t<div class=\"elementor-menu-toggle\" role=\"button\" tabindex=\"0\" aria-label=\"Menu Toggle\" aria-expanded=\"false\">\n\t\t\t<svg aria-hidden=\"true\" role=\"presentation\" class=\"elementor-menu-toggle__icon--open e-font-icon-svg e-eicon-menu-bar\" viewBox=\"0 0 1000 1000\" xmlns=\"http:\/\/www.w3.org\/2000\/svg\"><path d=\"M104 333H896C929 333 958 304 958 271S929 208 896 208H104C71 208 42 237 42 271S71 333 104 333ZM104 583H896C929 583 958 554 958 521S929 458 896 458H104C71 458 42 487 42 521S71 583 104 583ZM104 833H896C929 833 958 804 958 771S929 708 896 708H104C71 708 42 737 42 771S71 833 104 833Z\"><\/path><\/svg><svg aria-hidden=\"true\" role=\"presentation\" class=\"elementor-menu-toggle__icon--close e-font-icon-svg e-eicon-close\" viewBox=\"0 0 1000 1000\" xmlns=\"http:\/\/www.w3.org\/2000\/svg\"><path d=\"M742 167L500 408 258 167C246 154 233 150 217 150 196 150 179 158 167 167 154 179 150 196 150 212 150 229 154 242 171 254L408 500 167 742C138 771 138 800 167 829 196 858 225 858 254 829L496 587 738 829C750 842 767 846 783 846 800 846 817 842 829 829 842 817 846 804 846 783 846 767 842 750 829 737L588 500 833 258C863 229 863 200 833 171 804 137 775 137 742 167Z\"><\/path><\/svg>\t\t<\/div>\n\t\t\t\t\t<nav class=\"elementor-nav-menu--dropdown elementor-nav-menu__container\" aria-hidden=\"true\">\n\t\t\t\t<ul id=\"menu-2-18e7e40e\" class=\"elementor-nav-menu\"><li class=\"menu-item menu-item-type-post_type menu-item-object-page menu-item-1038\"><a href=\"https:\/\/easybuslog.com\/?page_id=932\" class=\"elementor-item\" tabindex=\"-1\">P\u00e1gina Inicial<\/a><\/li>\n<li class=\"menu-item menu-item-type-post_type menu-item-object-page menu-item-has-children menu-item-152\"><a href=\"https:\/\/easybuslog.com\/?page_id=7\" class=\"elementor-item\" tabindex=\"-1\">Benef\u00edcios<\/a>\n<ul class=\"sub-menu elementor-nav-menu--dropdown\">\n\t<li class=\"menu-item menu-item-type-custom menu-item-object-custom menu-item-1387\"><a href=\"https:\/\/site.bustickets.com.br\/cadastro-estudante\" class=\"elementor-sub-item\" tabindex=\"-1\">Easy Student<\/a><\/li>\n<\/ul>\n<\/li>\n<li class=\"menu-item menu-item-type-post_type menu-item-object-page menu-item-1103\"><a href=\"https:\/\/easybuslog.com\/?page_id=1058\" class=\"elementor-item\" tabindex=\"-1\">Servi\u00e7os<\/a><\/li>\n<li class=\"menu-item menu-item-type-post_type menu-item-object-post menu-item-689\"><a href=\"https:\/\/easybuslog.com\/?p=676\" class=\"elementor-item\" tabindex=\"-1\">Avalia\u00e7\u00e3o<\/a><\/li>\n<li class=\"menu-item menu-item-type-post_type menu-item-object-page menu-item-629\"><a href=\"https:\/\/easybuslog.com\/?page_id=621\" class=\"elementor-item\" tabindex=\"-1\">Contato<\/a><\/li>\n<li class=\"menu-item menu-item-type-custom menu-item-object-custom menu-item-713\"><a href=\"https:\/\/easybuslog.com.br\/\" class=\"elementor-item\" tabindex=\"-1\">Encomendas<\/a><\/li>\n<li class=\"menu-item menu-item-type-post_type menu-item-object-page menu-item-has-children menu-item-1052\"><a href=\"https:\/\/easybuslog.com\/?page_id=1046\" class=\"elementor-item\" tabindex=\"-1\">Sobre<\/a>\n<ul class=\"sub-menu elementor-nav-menu--dropdown\">\n\t<li class=\"menu-item menu-item-type-post_type menu-item-object-page menu-item-1053\"><a href=\"https:\/\/easybuslog.com\/?page_id=1046\" class=\"elementor-sub-item\" tabindex=\"-1\">Hist\u00f3ria Foz do Igua\u00e7u<\/a><\/li>\n\t<li class=\"menu-item menu-item-type-post_type menu-item-object-page menu-item-1120\"><a href=\"https:\/\/easybuslog.com\/?page_id=1104\" class=\"elementor-sub-item\" tabindex=\"-1\">Pontos Turisticos<\/a><\/li>\n<\/ul>\n<\/li>\n<\/ul>\t\t\t<\/nav>\n\t\t\t\t\t\t<\/div>\n\t\t\t\t<\/div>\n\t\t\t\t<\/div>\n\t\t<div class=\"elementor-element elementor-element-f4d3239 elementor-hidden-tablet elementor-hidden-mobile e-flex e-con-boxed e-con e-parent\" data-id=\"f4d3239\" data-element_type=\"container\">\n\t\t\t\t\t<div class=\"e-con-inner\">\n\t\t<div class=\"elementor-element elementor-element-476c5508 e-con-full e-flex e-con e-child\" data-id=\"476c5508\" data-element_type=\"container\">\n\t\t\t\t<div class=\"elementor-element elementor-element-73e543e3 elementor-widget elementor-widget-image\" data-id=\"73e543e3\" data-element_type=\"widget\" data-widget_type=\"image.default\">\n\t\t\t\t<div class=\"elementor-widget-container\">\n\t\t\t\t\t\t\t\t\t\t\t\t\t\t\t\t<a href=\"https:\/\/easybuslog.com\/\">\n\t\t\t\t\t\t\t<img decoding=\"async\" width=\"388\" height=\"101\" src=\"https:\/\/easybuslog.com\/wp-content\/uploads\/2025\/09\/easybus_web_02-1.png\" class=\"attachment-large size-large wp-image-1170\" alt=\"\" srcset=\"https:\/\/easybuslog.com\/wp-content\/uploads\/2025\/09\/easybus_web_02-1.png 388w, https:\/\/easybuslog.com\/wp-content\/uploads\/2025\/09\/easybus_web_02-1-300x78.png 300w\" sizes=\"(max-width: 388px) 100vw, 388px\" \/>\t\t\t\t\t\t\t\t<\/a>\n\t\t\t\t\t\t\t\t\t\t\t\t\t\t\t<\/div>\n\t\t\t\t<\/div>\n\t\t\t\t<\/div>\n\t\t<div class=\"elementor-element elementor-element-5205334a e-con-full e-flex e-con e-child\" data-id=\"5205334a\" data-element_type=\"container\">\n\t\t\t\t<div class=\"elementor-element elementor-element-32fce157 elementor-widget__width-initial elementor-nav-menu--dropdown-tablet elementor-nav-menu__text-align-aside elementor-nav-menu--toggle elementor-nav-menu--burger elementor-widget elementor-widget-nav-menu\" data-id=\"32fce157\" data-element_type=\"widget\" data-settings=\"{&quot;layout&quot;:&quot;horizontal&quot;,&quot;submenu_icon&quot;:{&quot;value&quot;:&quot;&lt;svg class=\\&quot;e-font-icon-svg e-fas-caret-down\\&quot; viewBox=\\&quot;0 0 320 512\\&quot; xmlns=\\&quot;http:\\\/\\\/www.w3.org\\\/2000\\\/svg\\&quot;&gt;&lt;path d=\\&quot;M31.3 192h257.3c17.8 0 26.7 21.5 14.1 34.1L174.1 354.8c-7.8 7.8-20.5 7.8-28.3 0L17.2 226.1C4.6 213.5 13.5 192 31.3 192z\\&quot;&gt;&lt;\\\/path&gt;&lt;\\\/svg&gt;&quot;,&quot;library&quot;:&quot;fa-solid&quot;},&quot;toggle&quot;:&quot;burger&quot;}\" data-widget_type=\"nav-menu.default\">\n\t\t\t\t<div class=\"elementor-widget-container\">\n\t\t\t\t\t\t\t\t<nav aria-label=\"Menu\" class=\"elementor-nav-menu--main elementor-nav-menu__container elementor-nav-menu--layout-horizontal e--pointer-underline e--animation-fade\">\n\t\t\t\t<ul id=\"menu-1-32fce157\" class=\"elementor-nav-menu\"><li class=\"menu-item menu-item-type-post_type menu-item-object-page menu-item-1038\"><a href=\"https:\/\/easybuslog.com\/?page_id=932\" class=\"elementor-item\">P\u00e1gina Inicial<\/a><\/li>\n<li class=\"menu-item menu-item-type-post_type menu-item-object-page menu-item-has-children menu-item-152\"><a href=\"https:\/\/easybuslog.com\/?page_id=7\" class=\"elementor-item\">Benef\u00edcios<\/a>\n<ul class=\"sub-menu elementor-nav-menu--dropdown\">\n\t<li class=\"menu-item menu-item-type-custom menu-item-object-custom menu-item-1387\"><a href=\"https:\/\/site.bustickets.com.br\/cadastro-estudante\" class=\"elementor-sub-item\">Easy Student<\/a><\/li>\n<\/ul>\n<\/li>\n<li class=\"menu-item menu-item-type-post_type menu-item-object-page menu-item-1103\"><a href=\"https:\/\/easybuslog.com\/?page_id=1058\" class=\"elementor-item\">Servi\u00e7os<\/a><\/li>\n<li class=\"menu-item menu-item-type-post_type menu-item-object-post menu-item-689\"><a href=\"https:\/\/easybuslog.com\/?p=676\" class=\"elementor-item\">Avalia\u00e7\u00e3o<\/a><\/li>\n<li class=\"menu-item menu-item-type-post_type menu-item-object-page menu-item-629\"><a href=\"https:\/\/easybuslog.com\/?page_id=621\" class=\"elementor-item\">Contato<\/a><\/li>\n<li class=\"menu-item menu-item-type-custom menu-item-object-custom menu-item-713\"><a href=\"https:\/\/easybuslog.com.br\/\" class=\"elementor-item\">Encomendas<\/a><\/li>\n<li class=\"menu-item menu-item-type-post_type menu-item-object-page menu-item-has-children menu-item-1052\"><a href=\"https:\/\/easybuslog.com\/?page_id=1046\" class=\"elementor-item\">Sobre<\/a>\n<ul class=\"sub-menu elementor-nav-menu--dropdown\">\n\t<li class=\"menu-item menu-item-type-post_type menu-item-object-page menu-item-1053\"><a href=\"https:\/\/easybuslog.com\/?page_id=1046\" class=\"elementor-sub-item\">Hist\u00f3ria Foz do Igua\u00e7u<\/a><\/li>\n\t<li class=\"menu-item menu-item-type-post_type menu-item-object-page menu-item-1120\"><a href=\"https:\/\/easybuslog.com\/?page_id=1104\" class=\"elementor-sub-item\">Pontos Turisticos<\/a><\/li>\n<\/ul>\n<\/li>\n<\/ul>\t\t\t<\/nav>\n\t\t\t\t\t<div class=\"elementor-menu-toggle\" role=\"button\" tabindex=\"0\" aria-label=\"Menu Toggle\" aria-expanded=\"false\">\n\t\t\t<svg aria-hidden=\"true\" role=\"presentation\" class=\"elementor-menu-toggle__icon--open e-font-icon-svg e-eicon-menu-bar\" viewBox=\"0 0 1000 1000\" xmlns=\"http:\/\/www.w3.org\/2000\/svg\"><path d=\"M104 333H896C929 333 958 304 958 271S929 208 896 208H104C71 208 42 237 42 271S71 333 104 333ZM104 583H896C929 583 958 554 958 521S929 458 896 458H104C71 458 42 487 42 521S71 583 104 583ZM104 833H896C929 833 958 804 958 771S929 708 896 708H104C71 708 42 737 42 771S71 833 104 833Z\"><\/path><\/svg><svg aria-hidden=\"true\" role=\"presentation\" class=\"elementor-menu-toggle__icon--close e-font-icon-svg e-eicon-close\" viewBox=\"0 0 1000 1000\" xmlns=\"http:\/\/www.w3.org\/2000\/svg\"><path d=\"M742 167L500 408 258 167C246 154 233 150 217 150 196 150 179 158 167 167 154 179 150 196 150 212 150 229 154 242 171 254L408 500 167 742C138 771 138 800 167 829 196 858 225 858 254 829L496 587 738 829C750 842 767 846 783 846 800 846 817 842 829 829 842 817 846 804 846 783 846 767 842 750 829 737L588 500 833 258C863 229 863 200 833 171 804 137 775 137 742 167Z\"><\/path><\/svg>\t\t<\/div>\n\t\t\t\t\t<nav class=\"elementor-nav-menu--dropdown elementor-nav-menu__container\" aria-hidden=\"true\">\n\t\t\t\t<ul id=\"menu-2-32fce157\" class=\"elementor-nav-menu\"><li class=\"menu-item menu-item-type-post_type menu-item-object-page menu-item-1038\"><a href=\"https:\/\/easybuslog.com\/?page_id=932\" class=\"elementor-item\" tabindex=\"-1\">P\u00e1gina Inicial<\/a><\/li>\n<li class=\"menu-item menu-item-type-post_type menu-item-object-page menu-item-has-children menu-item-152\"><a href=\"https:\/\/easybuslog.com\/?page_id=7\" class=\"elementor-item\" tabindex=\"-1\">Benef\u00edcios<\/a>\n<ul class=\"sub-menu elementor-nav-menu--dropdown\">\n\t<li class=\"menu-item menu-item-type-custom menu-item-object-custom menu-item-1387\"><a href=\"https:\/\/site.bustickets.com.br\/cadastro-estudante\" class=\"elementor-sub-item\" tabindex=\"-1\">Easy Student<\/a><\/li>\n<\/ul>\n<\/li>\n<li class=\"menu-item menu-item-type-post_type menu-item-object-page menu-item-1103\"><a href=\"https:\/\/easybuslog.com\/?page_id=1058\" class=\"elementor-item\" tabindex=\"-1\">Servi\u00e7os<\/a><\/li>\n<li class=\"menu-item menu-item-type-post_type menu-item-object-post menu-item-689\"><a href=\"https:\/\/easybuslog.com\/?p=676\" class=\"elementor-item\" tabindex=\"-1\">Avalia\u00e7\u00e3o<\/a><\/li>\n<li class=\"menu-item menu-item-type-post_type menu-item-object-page menu-item-629\"><a href=\"https:\/\/easybuslog.com\/?page_id=621\" class=\"elementor-item\" tabindex=\"-1\">Contato<\/a><\/li>\n<li class=\"menu-item menu-item-type-custom menu-item-object-custom menu-item-713\"><a href=\"https:\/\/easybuslog.com.br\/\" class=\"elementor-item\" tabindex=\"-1\">Encomendas<\/a><\/li>\n<li class=\"menu-item menu-item-type-post_type menu-item-object-page menu-item-has-children menu-item-1052\"><a href=\"https:\/\/easybuslog.com\/?page_id=1046\" class=\"elementor-item\" tabindex=\"-1\">Sobre<\/a>\n<ul class=\"sub-menu elementor-nav-menu--dropdown\">\n\t<li class=\"menu-item menu-item-type-post_type menu-item-object-page menu-item-1053\"><a href=\"https:\/\/easybuslog.com\/?page_id=1046\" class=\"elementor-sub-item\" tabindex=\"-1\">Hist\u00f3ria Foz do Igua\u00e7u<\/a><\/li>\n\t<li class=\"menu-item menu-item-type-post_type menu-item-object-page menu-item-1120\"><a href=\"https:\/\/easybuslog.com\/?page_id=1104\" class=\"elementor-sub-item\" tabindex=\"-1\">Pontos Turisticos<\/a><\/li>\n<\/ul>\n<\/li>\n<\/ul>\t\t\t<\/nav>\n\t\t\t\t\t\t<\/div>\n\t\t\t\t<\/div>\n\t\t\t\t<\/div>\n\t\t\t\t\t<\/div>\n\t\t\t\t<\/div>\n\t\t<div class=\"elementor-element elementor-element-42e22d6 e-flex e-con-boxed e-con e-parent\" data-id=\"42e22d6\" data-element_type=\"container\">\n\t\t\t\t\t<div class=\"e-con-inner\">\n\t\t\t\t<div class=\"elementor-element elementor-element-8afeac6 elementor-widget elementor-widget-spacer\" data-id=\"8afeac6\" data-element_type=\"widget\" data-widget_type=\"spacer.default\">\n\t\t\t\t<div class=\"elementor-widget-container\">\n\t\t\t\t\t\t\t<div class=\"elementor-spacer\">\n\t\t\t<div class=\"elementor-spacer-inner\"><\/div>\n\t\t<\/div>\n\t\t\t\t\t\t<\/div>\n\t\t\t\t<\/div>\n\t\t\t\t<div class=\"elementor-element elementor-element-f7e1339 elementor-widget elementor-widget-heading\" data-id=\"f7e1339\" data-element_type=\"widget\" data-widget_type=\"heading.default\">\n\t\t\t\t<div class=\"elementor-widget-container\">\n\t\t\t\t\t<h2 class=\"elementor-heading-title elementor-size-default\">Foz do Igua\u00e7u: Um Marco na Tr\u00edplice Fronteira<\/h2>\t\t\t\t<\/div>\n\t\t\t\t<\/div>\n\t\t\t\t<div class=\"elementor-element elementor-element-dbc6eb4 elementor-widget elementor-widget-image\" data-id=\"dbc6eb4\" data-element_type=\"widget\" data-widget_type=\"image.default\">\n\t\t\t\t<div class=\"elementor-widget-container\">\n\t\t\t\t\t\t\t\t\t\t\t\t\t\t\t<img fetchpriority=\"high\" decoding=\"async\" width=\"1024\" height=\"682\" src=\"https:\/\/easybuslog.com\/wp-content\/uploads\/2025\/06\/Design-sem-nome-2-1-1024x682.png\" class=\"attachment-large size-large wp-image-1047\" alt=\"\" srcset=\"https:\/\/easybuslog.com\/wp-content\/uploads\/2025\/06\/Design-sem-nome-2-1-1024x682.png 1024w, https:\/\/easybuslog.com\/wp-content\/uploads\/2025\/06\/Design-sem-nome-2-1-300x200.png 300w, https:\/\/easybuslog.com\/wp-content\/uploads\/2025\/06\/Design-sem-nome-2-1-768x512.png 768w, https:\/\/easybuslog.com\/wp-content\/uploads\/2025\/06\/Design-sem-nome-2-1-1536x1023.png 1536w, https:\/\/easybuslog.com\/wp-content\/uploads\/2025\/06\/Design-sem-nome-2-1.png 1621w\" sizes=\"(max-width: 1024px) 100vw, 1024px\" \/>\t\t\t\t\t\t\t\t\t\t\t\t\t\t\t<\/div>\n\t\t\t\t<\/div>\n\t\t\t\t<div class=\"elementor-element elementor-element-1218098 elementor-widget elementor-widget-text-editor\" data-id=\"1218098\" data-element_type=\"widget\" data-widget_type=\"text-editor.default\">\n\t\t\t\t<div class=\"elementor-widget-container\">\n\t\t\t\t\t\t\t\t\t<p>Localizada no extremo oeste do Paran\u00e1, <strong>Foz do Igua\u00e7u \u00e9 uma cidade estrat\u00e9gica e multicultural<\/strong> que <strong>conecta o Brasil, o Paraguai e a Argentina<\/strong>. Reconhecida <strong>mundialmente<\/strong> pelas <strong>Cataratas do Igua\u00e7u<\/strong> e pela <strong>Usina Hidrel\u00e9trica de Itaipu<\/strong>, Foz se <strong>tornou refer\u00eancia<\/strong> em turismo, com\u00e9rcio internacional e integra\u00e7\u00e3o entre povos.<\/p><p>Fundada oficialmente em 1914, a cidade <strong>come\u00e7ou a se desenvolver com a chegada de colonizadores<\/strong> e ganhou destaque global a partir da d\u00e9cada de 1970, com a <strong>constru\u00e7\u00e3o de Itaipu<\/strong> \u2014 um dos maiores projetos de engenharia do planeta. Esse momento <strong>marcou o crescimento urbano acelerado<\/strong> e transformou Foz em uma <strong>cidade s\u00edmbolo<\/strong> de <strong>progresso<\/strong> e <strong>coopera\u00e7\u00e3o internacional<\/strong>.<\/p><p>Hoje, Foz do Igua\u00e7u abriga mais de <strong>80 nacionalidades<\/strong>, sendo considerada uma das cidades <strong>mais plurais do Brasil<\/strong>. Essa <strong>diversidade est\u00e1 presente<\/strong> na arquitetura, na gastronomia, nas celebra\u00e7\u00f5es culturais e, claro, na <strong>hospitalidade do seu povo<\/strong>.<\/p><p>Sua <strong>posi\u00e7\u00e3o geogr\u00e1fica privilegiada<\/strong> torna Foz um dos <strong>principais portais de entrada<\/strong> de turistas na Am\u00e9rica do Sul, sendo <strong>ponto de partida<\/strong> para experi\u00eancias \u00fanicas em territ\u00f3rio brasileiro, argentino e paraguaio. <strong>\u00c9 nesse cen\u00e1rio que a EasyBus atua<\/strong>: conectando pessoas a momentos inesquec\u00edveis com <strong>conforto, seguran\u00e7a e conhecimento local<\/strong>.<\/p><p>Acreditamos que Foz do Igua\u00e7u \u00e9 <strong>mais do que um destino<\/strong>. \u00c9 um <strong>encontro de culturas<\/strong>, oportunidades e experi\u00eancias \u2014 e temos <strong>orgulho de fazer parte\u00a0dessa\u00a0hist\u00f3ria<\/strong>.<\/p>\t\t\t\t\t\t\t\t<\/div>\n\t\t\t\t<\/div>\n\t\t\t\t<div class=\"elementor-element elementor-element-8a97dd7 elementor-widget elementor-widget-spacer\" data-id=\"8a97dd7\" data-element_type=\"widget\" data-widget_type=\"spacer.default\">\n\t\t\t\t<div class=\"elementor-widget-container\">\n\t\t\t\t\t\t\t<div class=\"elementor-spacer\">\n\t\t\t<div class=\"elementor-spacer-inner\"><\/div>\n\t\t<\/div>\n\t\t\t\t\t\t<\/div>\n\t\t\t\t<\/div>\n\t\t\t\t\t<\/div>\n\t\t\t\t<\/div>\n\t\t\t\t<\/div>\n\t\t","protected":false},"excerpt":{"rendered":"<p>Foz do Igua\u00e7u: Um Marco na Tr\u00edplice Fronteira Localizada no extremo oeste do Paran\u00e1, Foz do Igua\u00e7u \u00e9 uma cidade estrat\u00e9gica e multicultural que conecta o Brasil, o Paraguai e a Argentina. Reconhecida mundialmente pelas Cataratas do Igua\u00e7u e pela Usina Hidrel\u00e9trica de Itaipu, Foz se tornou refer\u00eancia em turismo, com\u00e9rcio internacional e integra\u00e7\u00e3o entre &#8230; <a title=\"Hist\u00f3ria Foz do Igua\u00e7u\" class=\"read-more\" href=\"https:\/\/easybuslog.com\/?page_id=1046\">Read more<\/a><\/p>\n","protected":false},"author":1,"featured_media":0,"parent":0,"menu_order":0,"comment_status":"closed","ping_status":"closed","template":"elementor_canvas","meta":{"footnotes":""},"class_list":["post-1046","page","type-page","status-publish"],"_links":{"self":[{"href":"https:\/\/easybuslog.com\/index.php?rest_route=\/wp\/v2\/pages\/1046","targetHints":{"allow":["GET"]}}],"collection":[{"href":"https:\/\/easybuslog.com\/index.php?rest_route=\/wp\/v2\/pages"}],"about":[{"href":"https:\/\/easybuslog.com\/index.php?rest_route=\/wp\/v2\/types\/page"}],"author":[{"embeddable":true,"href":"https:\/\/easybuslog.com\/index.php?rest_route=\/wp\/v2\/users\/1"}],"replies":[{"embeddable":true,"href":"https:\/\/easybuslog.com\/index.php?rest_route=%2Fwp%2Fv2%2Fcomments&post=1046"}],"version-history":[{"count":10,"href":"https:\/\/easybuslog.com\/index.php?rest_route=\/wp\/v2\/pages\/1046\/revisions"}],"predecessor-version":[{"id":1354,"href":"https:\/\/easybuslog.com\/index.php?rest_route=\/wp\/v2\/pages\/1046\/revisions\/1354"}],"wp:attachment":[{"href":"https:\/\/easybuslog.com\/index.php?rest_route=%2Fwp%2Fv2%2Fmedia&parent=1046"}],"curies":[{"name":"wp","href":"https:\/\/api.w.org\/{rel}","templated":true}]}}